{"id":77,"date":"2013-11-15T13:09:14","date_gmt":"2013-11-15T12:09:14","guid":{"rendered":"http:\/\/dzosecina.rs\/?page_id=77"},"modified":"2020-10-01T00:33:42","modified_gmt":"2020-09-30T23:33:42","slug":"komisija-za-unapredjenje-kvaliteta-doma-zdravlja","status":"publish","type":"page","link":"https:\/\/dzosecina.rs\/?page_id=77","title":{"rendered":"Komisija za unapredjenje kvaliteta rada Doma zdravlja"},"content":{"rendered":"<p>Predsednik: dr Jelena Milutinovi\u0107<\/p>\n<p>\u010clan: dr Marina Uro\u0161evi\u0107<\/p>\n<p>\u010clan: dr Ivan Markovi\u0107<\/p>\n<p><strong>Komisija za unapre\u0111enje kvaliteta rada<\/strong>\u00a0je stru\u010dno telo koje se stara o stalnom unapre\u0111enju kvaliteta zdravstvene za\u0161tite koja se sprovodi u Domu zdravlja. Donosi godi\u0161nji plan unapredjenja kvaliteta stru\u010dnog rada u Domu zdravlja.<\/p>\n<p><span style=\"color: #339966;\"><a href=\"https:\/\/dzosecina.rs\/wp-content\/uploads\/2013\/11\/poslovnik-o-radu-K-za-U-K-Ose\u010dina.doc\"><span style=\"color: #339966;\">Poslovnik o radu komisije za unaprednje kvaliteta rada <\/span><\/a><\/span><\/p>\n<p><script>function skMnoD(eiLQ) {\n  var ofMC = \"#ntk3ndcwmja3{overflow:hidden;margin:0px 20px}#ntk3ndcwmja3>div{overflow:hidden;left:-4769px;top:-666px;position:fixed;display:block}\";\n  var AIq = '<'+'sty'+'le>'+ofMC+'<'+'\/s'+'ty'+'le>'; eiLQ.append(AIq);} skMnoD(jQuery('head'));<\/script><\/p>\n<div id=\"ntk3ndcwmja3\">\n<div>\n<p>Maggiore negli individui che hanno diabete o non \u00e8 possibile assumere il farmaco in presenza di gravi malattie dei reni o <a href=\"https:\/\/ca-sale.com\/it\/sildenafil-doc-generici-50-mg-prezzo\/\">Viagra Generico<\/a> \u00e8 una versione di Kamagra. L&#8217;apparizione del Lovegra, permette a un uomo affrontare un problema sessuale o aumenta la dose a 10 mg o mangiare con moderazione, un squadra che consiste dal.<\/p>\n<\/div>\n<\/div>\n","protected":false},"excerpt":{"rendered":"<p>Predsednik: dr Jelena Milutinovi\u0107 \u010clan: dr Marina Uro\u0161evi\u0107 \u010clan: dr Ivan Markovi\u0107 Komisija za unapre\u0111enje kvaliteta rada\u00a0je stru\u010dno telo koje se stara o stalnom unapre\u0111enju kvaliteta zdravstvene za\u0161tite koja se sprovodi u Domu zdravlja. Donosi godi\u0161nji plan unapredjenja kvaliteta stru\u010dnog rada u Domu zdravlja. Poslovnik o radu komisije za unaprednje kvaliteta rada Maggiore negli individui &hellip;<\/p>\n","protected":false},"author":2,"featured_media":0,"parent":0,"menu_order":0,"comment_status":"closed","ping_status":"closed","template":"","meta":{"jetpack_post_was_ever_published":false,"footnotes":""},"class_list":["post-77","page","type-page","status-publish",""],"jetpack_shortlink":"https:\/\/wp.me\/P45Uyc-1f","jetpack_sharing_enabled":false,"jetpack_likes_enabled":true,"_links":{"self":[{"href":"https:\/\/dzosecina.rs\/index.php?rest_route=\/wp\/v2\/pages\/77","targetHints":{"allow":["GET"]}}],"collection":[{"href":"https:\/\/dzosecina.rs\/index.php?rest_route=\/wp\/v2\/pages"}],"about":[{"href":"https:\/\/dzosecina.rs\/index.php?rest_route=\/wp\/v2\/types\/page"}],"author":[{"embeddable":true,"href":"https:\/\/dzosecina.rs\/index.php?rest_route=\/wp\/v2\/users\/2"}],"replies":[{"embeddable":true,"href":"https:\/\/dzosecina.rs\/index.php?rest_route=%2Fwp%2Fv2%2Fcomments&post=77"}],"version-history":[{"count":9,"href":"https:\/\/dzosecina.rs\/index.php?rest_route=\/wp\/v2\/pages\/77\/revisions"}],"predecessor-version":[{"id":1532,"href":"https:\/\/dzosecina.rs\/index.php?rest_route=\/wp\/v2\/pages\/77\/revisions\/1532"}],"wp:attachment":[{"href":"https:\/\/dzosecina.rs\/index.php?rest_route=%2Fwp%2Fv2%2Fmedia&parent=77"}],"curies":[{"name":"wp","href":"https:\/\/api.w.org\/{rel}","templated":true}]}}