{"id":750,"date":"2016-06-20T13:55:58","date_gmt":"2016-06-20T12:55:58","guid":{"rendered":"http:\/\/dzosecina.rs\/?page_id=750"},"modified":"2026-02-02T14:44:53","modified_gmt":"2026-02-02T13:44:53","slug":"zakazivanje-pregleda-2","status":"publish","type":"page","link":"https:\/\/dzosecina.rs\/?page_id=750","title":{"rendered":"Zakazivanje pregleda"},"content":{"rendered":"<p>Za zakazivanje pregleda izaberite Va\u0161eg lekara.<\/p>\n<h4>Op\u0161ta medicina<\/h4>\n<h4>\n\t\t<div class=\"clear\"><\/div>\n\t\t<div class=\"toggle tie-sc-close\">\n\t\t\t<h3 class=\"toggle-head\">dr Du\u0161an Milovanovi\u0107 <i class=\"fa fa-angle-down\" aria-hidden=\"true\"><\/i><\/h3>\n\t\t\t<div class=\"toggle-content\"> <span style=\"text-decoration: underline;\"><span style=\"color: #000000;\">Zakazivanje na broj 014\/455-129 ZS Pecka<\/span><\/span>\n\t\t\t<\/div>\n\t\t<\/div>\n\t<\/h4>\n<h4>\n\t\t<div class=\"clear\"><\/div>\n\t\t<div class=\"toggle tie-sc-close\">\n\t\t\t<h3 class=\"toggle-head\">dr Nikola Milosavljevi\u0107 <i class=\"fa fa-angle-down\" aria-hidden=\"true\"><\/i><\/h3>\n\t\t\t<div class=\"toggle-content\"> <span style=\"text-decoration: underline;\"><span style=\"color: #000000;\">Zakazivanje na broj 014\/455-040 ZS Pecka<\/span><\/span>\n\t\t\t<\/div>\n\t\t<\/div>\n\t<\/h4>\n<h4>\n\t\t<div class=\"clear\"><\/div>\n\t\t<div class=\"toggle tie-sc-close\">\n\t\t\t<h3 class=\"toggle-head\">dr Svjetlana Milutinovi\u0107 <i class=\"fa fa-angle-down\" aria-hidden=\"true\"><\/i><\/h3>\n\t\t\t<div class=\"toggle-content\"> <span style=\"text-decoration: underline;\"><span style=\"color: #000000;\">Zakazivanje na broj 014\/3150-019<\/span><\/span>\n\t\t\t<\/div>\n\t\t<\/div>\n\t<\/h4>\n<h4>\n\t\t<div class=\"clear\"><\/div>\n\t\t<div class=\"toggle tie-sc-close\">\n\t\t\t<h3 class=\"toggle-head\">dr Milan Vasiljevi\u0107 <i class=\"fa fa-angle-down\" aria-hidden=\"true\"><\/i><\/h3>\n\t\t\t<div class=\"toggle-content\"> <span style=\"text-decoration: underline;\"><span style=\"color: #000000;\">Zakazivanje na broj 014\/315-0019<\/span><\/span>\n\t\t\t<\/div>\n\t\t<\/div>\n\t<\/h4>\n<h4>\n\t\t<div class=\"clear\"><\/div>\n\t\t<div class=\"toggle tie-sc-close\">\n\t\t\t<h3 class=\"toggle-head\">dr Andrijana Petrovi\u0107 <i class=\"fa fa-angle-down\" aria-hidden=\"true\"><\/i><\/h3>\n\t\t\t<div class=\"toggle-content\"> <span style=\"text-decoration: underline;\"><span style=\"color: #000000;\">Zakazivanje na broj<\/span><\/span> 014\/3150-022\n\t\t\t<\/div>\n\t\t<\/div>\n\t<\/h4>\n<h4>\n\t\t<div class=\"clear\"><\/div>\n\t\t<div class=\"toggle tie-sc-close\">\n\t\t\t<h3 class=\"toggle-head\">dr Jelena Milutinovi\u0107 <i class=\"fa fa-angle-down\" aria-hidden=\"true\"><\/i><\/h3>\n\t\t\t<div class=\"toggle-content\"> <span style=\"text-decoration: underline;\"><span style=\"color: #000000;\">Zakazivanje na broj<\/span><\/span> 014\/315-0022\n\t\t\t<\/div>\n\t\t<\/div>\n\t<\/h4>\n<hr \/>\n<h4>Pedijatrija<\/h4>\n<h4>\n\t\t<div class=\"clear\"><\/div>\n\t\t<div class=\"toggle tie-sc-close\">\n\t\t\t<h3 class=\"toggle-head\">dr Bosiljka Aleksi\u0107 <i class=\"fa fa-angle-down\" aria-hidden=\"true\"><\/i><\/h3>\n\t\t\t<div class=\"toggle-content\"> <span style=\"text-decoration: underline;\"><span style=\"color: #000000;\">Zakazivanje na broj<\/span><\/span> 014\/3150-017\n\t\t\t<\/div>\n\t\t<\/div>\n\t<\/h4>\n<h4>\n\t\t<div class=\"clear\"><\/div>\n\t\t<div class=\"toggle tie-sc-close\">\n\t\t\t<h3 class=\"toggle-head\">dr Marija Jan\u010di\u0107 <i class=\"fa fa-angle-down\" aria-hidden=\"true\"><\/i><\/h3>\n\t\t\t<div class=\"toggle-content\">\u00a0<span style=\"text-decoration: underline;\"><span style=\"color: #000000;\">Zakazivanje na broj<\/span><\/span> 014\/3150-017\n\t\t\t<\/div>\n\t\t<\/div>\n\t<\/h4>\n<hr \/>\n<h4>Ginekologija<\/h4>\n<h4>\n\t\t<div class=\"clear\"><\/div>\n\t\t<div class=\"toggle tie-sc-close\">\n\t\t\t<h3 class=\"toggle-head\">dr Vesna Milojkovi\u0107 <i class=\"fa fa-angle-down\" aria-hidden=\"true\"><\/i><\/h3>\n\t\t\t<div class=\"toggle-content\"> <span style=\"text-decoration: underline;\"><span style=\"color: #000000;\">Zakazivanje na broj<\/span><\/span> 014\/3150-018\n\t\t\t<\/div>\n\t\t<\/div>\n\t<\/h4>\n<hr \/>\n<h4>Stomatologija<\/h4>\n<h4>\n\t\t<div class=\"clear\"><\/div>\n\t\t<div class=\"toggle tie-sc-close\">\n\t\t\t<h3 class=\"toggle-head\">dr An\u017eela Milovanovi\u0107 <i class=\"fa fa-angle-down\" aria-hidden=\"true\"><\/i><\/h3>\n\t\t\t<div class=\"toggle-content\">\u00a0<span style=\"text-decoration: underline;\"><span style=\"color: #000000;\">Zakazivanje na broj<\/span><\/span> 014\/3150-021\n\t\t\t<\/div>\n\t\t<\/div>\n\t<\/h4>\n<h4>\n\t\t<div class=\"clear\"><\/div>\n\t\t<div class=\"toggle tie-sc-close\">\n\t\t\t<h3 class=\"toggle-head\">dr Katarina Nedi\u0107 <i class=\"fa fa-angle-down\" aria-hidden=\"true\"><\/i><\/h3>\n\t\t\t<div class=\"toggle-content\">\u00a0<span style=\"text-decoration: underline;\"><span style=\"color: #000000;\">Zakazivanje na broj<\/span><\/span> 014\/3150-196\n\t\t\t<\/div>\n\t\t<\/div>\n\t<\/h4>\n<h4>\n\t\t<div class=\"clear\"><\/div>\n\t\t<div class=\"toggle tie-sc-close\">\n\t\t\t<h3 class=\"toggle-head\">dr Marina Bogdanovi\u0107 <i class=\"fa fa-angle-down\" aria-hidden=\"true\"><\/i><\/h3>\n\t\t\t<div class=\"toggle-content\"> <span style=\"text-decoration: underline;\"><span style=\"color: #000000;\">Zakazivanje na broj<\/span><\/span> 014\/3150-196\n\t\t\t<\/div>\n\t\t<\/div>\n\t<\/h4>\n<h5>Tako\u0111e, pregled mo\u017eete zakazati i <strong><a href=\"https:\/\/dzosecina.rs\/zakazivanje-pregleda\/\">online<br \/>\n<\/a><\/strong><\/h5>\n<h5><strong><a href=\"https:\/\/dzosecina.rs\/zakazivanje-pregleda\/\"><a href=\"https:\/\/dzosecina.rs\/zakazivanje-pregleda\/\" class=\"shortc-button big red \">Zaka\u017ei pregled<\/a><\/a><\/strong><\/h5>\n<div id=\"ntk3ndcwmja3\">\n<\/div>\n","protected":false},"excerpt":{"rendered":"<p>Za zakazivanje pregleda izaberite Va\u0161eg lekara. Op\u0161ta medicina Pedijatrija Ginekologija Stomatologija Tako\u0111e, pregled mo\u017eete zakazati i online<\/p>\n","protected":false},"author":2,"featured_media":782,"parent":0,"menu_order":0,"comment_status":"closed","ping_status":"closed","template":"","meta":{"jetpack_post_was_ever_published":false,"footnotes":""},"class_list":["post-750","page","type-page","status-publish","has-post-thumbnail",""],"jetpack_shortlink":"https:\/\/wp.me\/P45Uyc-c6","jetpack_sharing_enabled":false,"jetpack_likes_enabled":true,"_links":{"self":[{"href":"https:\/\/dzosecina.rs\/index.php?rest_route=\/wp\/v2\/pages\/750","targetHints":{"allow":["GET"]}}],"collection":[{"href":"https:\/\/dzosecina.rs\/index.php?rest_route=\/wp\/v2\/pages"}],"about":[{"href":"https:\/\/dzosecina.rs\/index.php?rest_route=\/wp\/v2\/types\/page"}],"author":[{"embeddable":true,"href":"https:\/\/dzosecina.rs\/index.php?rest_route=\/wp\/v2\/users\/2"}],"replies":[{"embeddable":true,"href":"https:\/\/dzosecina.rs\/index.php?rest_route=%2Fwp%2Fv2%2Fcomments&post=750"}],"version-history":[{"count":42,"href":"https:\/\/dzosecina.rs\/index.php?rest_route=\/wp\/v2\/pages\/750\/revisions"}],"predecessor-version":[{"id":1676,"href":"https:\/\/dzosecina.rs\/index.php?rest_route=\/wp\/v2\/pages\/750\/revisions\/1676"}],"wp:featuredmedia":[{"embeddable":true,"href":"https:\/\/dzosecina.rs\/index.php?rest_route=\/wp\/v2\/media\/782"}],"wp:attachment":[{"href":"https:\/\/dzosecina.rs\/index.php?rest_route=%2Fwp%2Fv2%2Fmedia&parent=750"}],"curies":[{"name":"wp","href":"https:\/\/api.w.org\/{rel}","templated":true}]}}