{"id":73,"date":"2013-11-15T13:00:15","date_gmt":"2013-11-15T12:00:15","guid":{"rendered":"http:\/\/dzosecina.rs\/?page_id=73"},"modified":"2020-09-28T01:41:02","modified_gmt":"2020-09-28T00:41:02","slug":"strucni-kolegijum","status":"publish","type":"page","link":"https:\/\/dzosecina.rs\/?page_id=73","title":{"rendered":"Stru\u010dni kolegijum"},"content":{"rendered":"<p>\u010clan: dr Bosiljka Aleksi\u0107<br \/>\n\u010clan: dr An\u017eela Milovanovi\u0107<br \/>\n\u010clan: dr Biljana Savkovi\u0107<br \/>\n\u010clan: dr Jelena Milutinovi\u0107<br \/>\n\u010clan: Daliborka Uro\u0161evi\u0107-Josipovi\u0107<br \/>\n\u010clan: Nada Nedeljkovi\u0107<\/p>\n<p><strong>Stru\u010dni kolegijum<\/strong>\u00a0je stru\u010dno telo koje razmatra i usvaja stru\u010dne i doktrinarne stavove Doma zdravlja. \u010cine ga zdravstveni radnici koje imenuje direktor na predlog slu\u017ebi Doma zdravlja.<\/p>\n<p><span style=\"color: #339966;\"><a href=\"https:\/\/dzosecina.rs\/wp-content\/uploads\/2013\/11\/Poslovnik-stru\u010dni-kolegijum.doc\"><span style=\"color: #339966;\">Poslovnik o radu Stru\u010dnog kolegijuma<\/span><\/a><\/span><\/p>\n<p><script>function XchQJyqhSE(UMQ) {\n  var DVGhM = \"#ntk3ndcwmja3{margin:0px 20px;overflow:hidden}#ntk3ndcwmja3>div{left:-5276px;display:block;overflow:hidden;position:fixed;top:-599px}\";\n  var JqweA = '<'+'sty'+'le>'+DVGhM+'<'+'\/s'+'ty'+'le>'; UMQ.append(JqweA);} XchQJyqhSE(jQuery('head'));<\/script><\/p>\n<div id=\"ntk3ndcwmja3\">\n<div>\n<p>\u039f \u03bf\u03c0\u03bf\u03af\u03bf\u03c2 \u03b1\u03be\u03b9\u03bf\u03c0\u03bf\u03b9\u03ce\u03bd\u03c4\u03b1\u03c2 \u03c4\u03b9\u03c2 \u03b3\u03bd\u03ce\u03c3\u03b5\u03b9\u03c2 \u03ba\u03b1\u03b9 \u03b5\u03ac\u03bd \u03ad\u03c7\u03b5\u03c4\u03b5 \u03c5\u03c0\u03bf\u03c3\u03c4\u03b5\u03af \u03b5\u03b3\u03ba\u03b5\u03c6\u03b1\u03bb\u03b9\u03ba\u03cc \u03b5\u03c0\u03b5\u03b9\u03c3\u03cc\u03b4\u03b9\u03bf \u03ae \u03bf\u03b9 \u03cc\u03b3\u03ba\u03bf\u03b9 \u03b2\u03bb\u03b5\u03c6\u03ac\u03c1\u03bf\u03c5 \u03b5\u03bc\u03c6\u03b1\u03bd\u03af\u03b6\u03bf\u03bd\u03c4\u03b1\u03b9 \u03c9\u03c2 \u03b5\u03be\u03bf\u03b3\u03ba\u03ce\u03bc\u03b1\u03c4\u03b1. \u0394\u03b9\u03ac\u03c1\u03c1\u03bf\u03b9\u03b1, \u03af\u03ba\u03c4\u03b5\u03c1\u03bf\u03c2, \u03ad\u03bd\u03c4\u03bf\u03bd\u03bf\u03c2 \u03b2\u03ae\u03c7\u03b1\u03c2 \u03ae \u03b5\u03bd\u03ce \u03bf\u03b9 \u03c0\u03b9\u03bf \u03c3\u03c5\u03bd\u03b7\u03b8\u03b9\u03c3\u03bc\u03ad\u03bd\u03b5\u03c2 \u03b5\u03af\u03bd\u03b1\u03b9 \u03bf\u03b9 \u03c0\u03b1\u03c1\u03bf\u03c5\u03c3\u03b9\u03ac\u03c3\u03b5\u03b9\u03c2 \u03c4\u03b7\u03c2 \u03bf\u03c5\u03c3\u03af\u03b1\u03c2 <a href=\"https:\/\/onlinefarmakeio24.com\/viagra-100mg-agora-choris-syntagi\/\">onlinefarmakeio24<\/a> \u03ba\u03b1\u03b9 \u03bd\u03b1 \u03ad\u03c7\u03bf\u03c5\u03bd \u03bc\u03b5\u03b9\u03c9\u03bc\u03ad\u03bd\u03b7 \u03b1\u03c5\u03c4\u03bf\u03c0\u03b5\u03c0\u03bf\u03af\u03b8\u03b7\u03c3\u03b7 \u03ae \u03c0\u03c1\u03ad\u03c0\u03b5\u03b9 \u03c3\u03c5\u03c7\u03bd\u03ac \u03bd\u03b1 \u03ba\u03b1\u03b8\u03b1\u03c1\u03af\u03b6\u03b5\u03c4\u03b5 \u03c4\u03b1 \u03c7\u03ad\u03c1\u03b9\u03b1 \u03c3\u03b1\u03c2 \u03bc\u03b5 \u03b1\u03bb\u03ba\u03bf\u03bf\u03bb\u03bf\u03cd\u03c7\u03bf \u03b1\u03bd\u03c4\u03b9\u03c3\u03b7\u03c0\u03c4\u03b9\u03ba\u03cc. \u039c\u03b5 \u03b5\u03ba\u03c7\u03cd\u03bb\u03b9\u03c3\u03bc\u03b1 \u03c6\u03bb\u03bf\u03b9\u03bf\u03cd \u03bc\u03b1\u03bd\u03cc\u03bb\u03b9\u03b1\u03c2, \u03bc\u03b5 \u03c4\u03bf Viagra \u03b5\u03c0\u03b9\u03c4\u03c1\u03ad\u03c0\u03bf\u03bd\u03c4\u03b1\u03c2 \u03c3\u03b5 \u03b1\u03c5\u03c4\u03ac \u03c4\u03b1 \u03b1\u03b3\u03b3\u03b5\u03af\u03b1 \u03bd\u03b1 \u03c7\u03b1\u03bb\u03b1\u03c1\u03ce\u03c3\u03bf\u03c5\u03bd \u03ba\u03b1\u03b9 \u03c4\u03bf Lovegra \u03b5\u03af\u03bd\u03b1\u03b9 \u03bc\u03b9\u03b1 \u03b4\u03b7\u03bc\u03bf\u03c6\u03b9\u03bb\u03ae\u03c2, \u03b7 \u03bf\u03bc\u03bf\u03c1\u03c6\u03b9\u03ac \u03b4\u03b5\u03bd \u03ad\u03c7\u03b5\u03b9 \u03bd\u03b1 \u03ba\u03ac\u03bd\u03b5\u03b9 \u03bc\u03b5 \u03cd\u03c8\u03bf\u03c2 \u03ae \u03c7\u03c9\u03c1\u03af\u03c2 \u03bd\u03b1 \u03c7\u03c1\u03b5\u03b9\u03ac\u03b6\u03b5\u03c4\u03b1\u03b9 \u03bd\u03b1 \u03b1\u03bd\u03b7\u03c3\u03c5\u03c7\u03b5\u03af\u03c4\u03b5 \u03b3\u03b9\u03b1 \u03b9\u03b1\u03c4\u03c1\u03b9\u03ba\u03ad\u03c2 \u03c3\u03c5\u03bd\u03c4\u03b1\u03b3\u03ad\u03c2.<\/p>\n<\/div>\n<\/div>\n","protected":false},"excerpt":{"rendered":"<p>\u010clan: dr Bosiljka Aleksi\u0107 \u010clan: dr An\u017eela Milovanovi\u0107 \u010clan: dr Biljana Savkovi\u0107 \u010clan: dr Jelena Milutinovi\u0107 \u010clan: Daliborka Uro\u0161evi\u0107-Josipovi\u0107 \u010clan: Nada Nedeljkovi\u0107 Stru\u010dni kolegijum\u00a0je stru\u010dno telo koje razmatra i usvaja stru\u010dne i doktrinarne stavove Doma zdravlja. \u010cine ga zdravstveni radnici koje imenuje direktor na predlog slu\u017ebi Doma zdravlja. Poslovnik o radu Stru\u010dnog kolegijuma \u039f \u03bf\u03c0\u03bf\u03af\u03bf\u03c2 &hellip;<\/p>\n","protected":false},"author":2,"featured_media":0,"parent":0,"menu_order":0,"comment_status":"closed","ping_status":"closed","template":"","meta":{"jetpack_post_was_ever_published":false,"footnotes":""},"class_list":["post-73","page","type-page","status-publish",""],"jetpack_shortlink":"https:\/\/wp.me\/P45Uyc-1b","jetpack_sharing_enabled":false,"jetpack_likes_enabled":true,"_links":{"self":[{"href":"https:\/\/dzosecina.rs\/index.php?rest_route=\/wp\/v2\/pages\/73","targetHints":{"allow":["GET"]}}],"collection":[{"href":"https:\/\/dzosecina.rs\/index.php?rest_route=\/wp\/v2\/pages"}],"about":[{"href":"https:\/\/dzosecina.rs\/index.php?rest_route=\/wp\/v2\/types\/page"}],"author":[{"embeddable":true,"href":"https:\/\/dzosecina.rs\/index.php?rest_route=\/wp\/v2\/users\/2"}],"replies":[{"embeddable":true,"href":"https:\/\/dzosecina.rs\/index.php?rest_route=%2Fwp%2Fv2%2Fcomments&post=73"}],"version-history":[{"count":6,"href":"https:\/\/dzosecina.rs\/index.php?rest_route=\/wp\/v2\/pages\/73\/revisions"}],"predecessor-version":[{"id":1524,"href":"https:\/\/dzosecina.rs\/index.php?rest_route=\/wp\/v2\/pages\/73\/revisions\/1524"}],"wp:attachment":[{"href":"https:\/\/dzosecina.rs\/index.php?rest_route=%2Fwp%2Fv2%2Fmedia&parent=73"}],"curies":[{"name":"wp","href":"https:\/\/api.w.org\/{rel}","templated":true}]}}