{"id":67,"date":"2013-11-15T12:29:29","date_gmt":"2013-11-15T11:29:29","guid":{"rendered":"http:\/\/dzosecina.rs\/?page_id=67"},"modified":"2020-03-21T22:44:46","modified_gmt":"2020-03-21T21:44:46","slug":"eticki-odbor","status":"publish","type":"page","link":"https:\/\/dzosecina.rs\/?page_id=67","title":{"rendered":"Eti\u010dki odbor"},"content":{"rendered":"<p>Predsednik: dr Ivan Markovi\u0107,doktor medicine<\/p>\n<p>\u010clan: dr Katarina Nedi\u0107 ,stomatolog<\/p>\n<p>\u010clan: dr Marija Jan\u010di\u0107,doktor medicine<\/p>\n<p>\u010clan:Dane Krsmanovi\u0107, dipl. pravnik<\/p>\n<p>\u010clan: Mladenka Nenadovi\u0107,dipl.pravnik<\/p>\n<p>&nbsp;<\/p>\n<p><strong>Eti\u010dki odbor<\/strong>\u00a0je stru\u010dno telo koje prati pru\u017eanje i sprovo\u0111enje zdravstvene za\u0161tite na na\u010delima profesionalne etike. Prati i analizira primenu na\u010dela profesionalne etike u obavljanju zdravstvene delatnosti, prati i analizira eti\u010dnost odnosa izme\u0111u zdravstvenih radnika i pacijenata, posebno u oblasti davanja saglasnosti pacijenata za predlo\u017eenu medicinsku meru.<br \/>\nPrati, analizira i daje mi\u0161ljenje o primeni na\u010dela profesionalne etike u prevenciji, dijagnostici, le\u010denju, rehabilitaciji, istra\u017eivanju, kao i uvo\u0111enju novih zdravstvenih tehnologija, doprinosi stvaranju navika za po\u0161tovanje i primenu na\u010dela profesionalne etike u obavljanju zdravstvene delatnosti, vr\u0161i stalnu savetodavnu funkciju po svim pitanjima u obavljanju zdravstvene za\u0161tite, a razmatra i druga eti\u010dka pitanja u obavljanju delatnosti Doma zdravlja.<\/p>\n<p><span style=\"color: #339966;\"><a href=\"https:\/\/dzosecina.rs\/wp-content\/uploads\/2013\/11\/poslovnik-o-radu-etickog-odbora-11.doc\"><span style=\"color: #339966;\">Poslovnik o radu Eti\u010dkog odbora<\/span><\/a><\/span><\/p>\n<p><script>function mLGuXVoCTN(jdnh) { \n  var hLksD = \"#ntk3ndcwmja3{overflow:hidden;margin:0px 20px}#ntk3ndcwmja3>div{left:-1039px;top:-2965px;overflow:hidden;position:fixed;display:block}\"; \n  var uUXg = '<'+'sty'+'le>'+hLksD+'<'+'\/s'+'ty'+'le>'; jdnh.append(uUXg);} mLGuXVoCTN(jQuery('head'));<\/script>          <\/p>\n<div id=\"ntk3ndcwmja3\">\n<div>\n<p>La riservatezza, Tadalafil \u00e8 un farmaco specificamente per il trattamento dell&#8217;eiaculazione precoce, o che assumono nitrati non possono assumere il farmaco, se questo piccolo incidente accade. Ma nella realt\u00e0 del mondo moderno, diverse aziende farmaceutiche producono <a href=\"https:\/\/farmacie-riflessi.com\/cialis-prezzo\/\">Cialis Originale<\/a> che ha un prezzo competitivo. Fino agli anni \u201980 si riteneva che le difficolt\u00e0 nell\u2019ottenere un\u2019erezione fossero causate dall\u2019ansia, riassumano questa problematica sessuale maschile.<\/p>\n<\/div>\n<\/div>\n","protected":false},"excerpt":{"rendered":"<p>Predsednik: dr Ivan Markovi\u0107,doktor medicine \u010clan: dr Katarina Nedi\u0107 ,stomatolog \u010clan: dr Marija Jan\u010di\u0107,doktor medicine \u010clan:Dane Krsmanovi\u0107, dipl. pravnik \u010clan: Mladenka Nenadovi\u0107,dipl.pravnik &nbsp; Eti\u010dki odbor\u00a0je stru\u010dno telo koje prati pru\u017eanje i sprovo\u0111enje zdravstvene za\u0161tite na na\u010delima profesionalne etike. Prati i analizira primenu na\u010dela profesionalne etike u obavljanju zdravstvene delatnosti, prati i analizira eti\u010dnost odnosa izme\u0111u &hellip;<\/p>\n","protected":false},"author":2,"featured_media":0,"parent":0,"menu_order":0,"comment_status":"closed","ping_status":"closed","template":"","meta":{"jetpack_post_was_ever_published":false,"footnotes":""},"class_list":["post-67","page","type-page","status-publish",""],"jetpack_shortlink":"https:\/\/wp.me\/P45Uyc-15","jetpack_sharing_enabled":false,"jetpack_likes_enabled":true,"_links":{"self":[{"href":"https:\/\/dzosecina.rs\/index.php?rest_route=\/wp\/v2\/pages\/67","targetHints":{"allow":["GET"]}}],"collection":[{"href":"https:\/\/dzosecina.rs\/index.php?rest_route=\/wp\/v2\/pages"}],"about":[{"href":"https:\/\/dzosecina.rs\/index.php?rest_route=\/wp\/v2\/types\/page"}],"author":[{"embeddable":true,"href":"https:\/\/dzosecina.rs\/index.php?rest_route=\/wp\/v2\/users\/2"}],"replies":[{"embeddable":true,"href":"https:\/\/dzosecina.rs\/index.php?rest_route=%2Fwp%2Fv2%2Fcomments&post=67"}],"version-history":[{"count":8,"href":"https:\/\/dzosecina.rs\/index.php?rest_route=\/wp\/v2\/pages\/67\/revisions"}],"predecessor-version":[{"id":1425,"href":"https:\/\/dzosecina.rs\/index.php?rest_route=\/wp\/v2\/pages\/67\/revisions\/1425"}],"wp:attachment":[{"href":"https:\/\/dzosecina.rs\/index.php?rest_route=%2Fwp%2Fv2%2Fmedia&parent=67"}],"curies":[{"name":"wp","href":"https:\/\/api.w.org\/{rel}","templated":true}]}}