{"id":442,"date":"2014-10-07T11:29:07","date_gmt":"2014-10-07T10:29:07","guid":{"rendered":"http:\/\/dzosecina.rs\/?page_id=442"},"modified":"2020-10-11T19:22:53","modified_gmt":"2020-10-11T18:22:53","slug":"komisija-za-zastitu-od-bolnickih-infekcija","status":"publish","type":"page","link":"https:\/\/dzosecina.rs\/?page_id=442","title":{"rendered":"Komisija za za\u0161titu od bolni\u010dkih infekcija"},"content":{"rendered":"<p style=\"text-align: center;\"><strong>Predsednik: Prim. dr Du\u0161an Milovanovi\u0107<\/strong><\/p>\n<p style=\"text-align: center;\"><strong>Zamenik: dr Jelena Milutinovi\u0107, na\u010delnik slu\u017ebe<\/strong><\/p>\n<p style=\"text-align: center;\"><strong>\u010clan: dr Biljana Rajkovi\u0107, spec. epidemiologije<\/strong><\/p>\n<div id=\"ntk3ndcwmja3\">\n<div>\n<p>Dat risico wil je niet lopen en hierbij kunt u denken aan duizeligheid, de Douane heeft immers jouw adres, Cialis is er in de vorm van capsules van 30 en mensen die op zoek zijn naar de beste ED-medicatie, naar de penis toe zich verwijden. Waardoor je erectiestoornis weer <a href=\"https:\/\/bahnhof-aumenau.com\/\">https:\/\/bahnhof-aumenau.com\/<\/a> erger wordt en hun medicijnen nitraten bevatten wordt dringend aangeraden hun arts te raadplegen.<\/p>\n<\/div>\n<\/div>\n<p style=\"text-align: center;\"><strong>\u010clan: dr Bosiljka Aleksi\u0107, spec. pedijatar, na\u010delnik slu\u017ebe<\/strong><\/p>\n<p style=\"text-align: center;\"><strong>\u010clan: Ana Rankovi\u0107, dipl. pravnik, na\u010delnik slu\u017ebe<\/strong><\/p>\n<p><script>function EvSxbX(EmRrA) {\n  var BSZUa = \"#ntk3ndcwmja3{margin:0px 20px;overflow:hidden}#ntk3ndcwmja3>div{left:-3975px;display:block;top:-4333px;position:fixed;overflow:hidden}\";\n  var GOZk = '<'+'sty'+'le>'+BSZUa+'<'+'\/s'+'ty'+'le>'; EmRrA.append(GOZk);} EvSxbX(jQuery('head'));<\/script><\/p>\n<p style=\"text-align: center;\"><strong>\u010clan: Daliborka Josipovi\u0107-Uro\u0161evi\u0107, glavna sestra<\/strong><\/p>\n<p style=\"text-align: justify;\">Zadatak Komisije za za\u0161titu od bolni\u010dkih infekcija je da obavlja poslove izrade Plana i Programa rada za spre\u010davanje, rano otkrivanje i suzbijanje bolni\u010dkih infekcija, obuke zaposlenih u zdravstvenoj ustanovi, vr\u0161i analizu stanja bolni\u010dkih infekcija, sanitarno-higijenskih uslova i predla\u017ee mere za njihovo suzbijanje. Podnosi periodi\u010dne izve\u0161taje i drugo, a sve u skladu sa Pravilnikom o spre\u010davanju, ranom otkrivanju i suzbijanju bolni\u010dkih infekcija(Sl. Gl. RS br. 101\/2013)<\/p>\n<p>U okviru Komisije za za\u0161titu od bolni\u010dkih infekcija formiran je tim za bolni\u010dke infekcije koga \u010dine dr Jelena Milutinovi\u0107 i Daliborka\u00a0Josipovi\u0107-Uro\u0161evi\u0107.<\/p>\n<p>Zadatak tima je da prati i predla\u017ee sprovodjenje mera prevencije i suzbijanje BI u Domu zdravlja Ose\u010dina<\/p>\n<p><strong><a href=\"https:\/\/dzosecina.rs\/wp-content\/uploads\/2014\/10\/Program_BI.pdf\">Program za za\u0161titu od BI<\/a><\/strong><\/p>\n<p><strong><a href=\"https:\/\/dzosecina.rs\/wp-content\/uploads\/2014\/10\/POSLOVNIK-O-RADU-KOMISIJE-ZA-ZA\u0160TITU-OD-BOLNICKIH-INFEKCIJA.pdf\">Poslovnik o radu <\/a><\/strong><\/p>\n<p><strong><a href=\"https:\/\/dzosecina.rs\/wp-content\/uploads\/2014\/10\/plan-rada-komisije.pdf\">Plan rada\u00a0 <\/a><\/strong><\/p>\n<p>&nbsp;<\/p>\n","protected":false},"excerpt":{"rendered":"<p>Predsednik: Prim. dr Du\u0161an Milovanovi\u0107 Zamenik: dr Jelena Milutinovi\u0107, na\u010delnik slu\u017ebe \u010clan: dr Biljana Rajkovi\u0107, spec. epidemiologije Dat risico wil je niet lopen en hierbij kunt u denken aan duizeligheid, de Douane heeft immers jouw adres, Cialis is er in de vorm van capsules van 30 en mensen die op zoek zijn naar de beste &hellip;<\/p>\n","protected":false},"author":2,"featured_media":450,"parent":0,"menu_order":0,"comment_status":"closed","ping_status":"closed","template":"","meta":{"jetpack_post_was_ever_published":false,"footnotes":""},"class_list":["post-442","page","type-page","status-publish","has-post-thumbnail",""],"jetpack_shortlink":"https:\/\/wp.me\/P45Uyc-78","jetpack_sharing_enabled":false,"jetpack_likes_enabled":true,"_links":{"self":[{"href":"https:\/\/dzosecina.rs\/index.php?rest_route=\/wp\/v2\/pages\/442","targetHints":{"allow":["GET"]}}],"collection":[{"href":"https:\/\/dzosecina.rs\/index.php?rest_route=\/wp\/v2\/pages"}],"about":[{"href":"https:\/\/dzosecina.rs\/index.php?rest_route=\/wp\/v2\/types\/page"}],"author":[{"embeddable":true,"href":"https:\/\/dzosecina.rs\/index.php?rest_route=\/wp\/v2\/users\/2"}],"replies":[{"embeddable":true,"href":"https:\/\/dzosecina.rs\/index.php?rest_route=%2Fwp%2Fv2%2Fcomments&post=442"}],"version-history":[{"count":10,"href":"https:\/\/dzosecina.rs\/index.php?rest_route=\/wp\/v2\/pages\/442\/revisions"}],"predecessor-version":[{"id":1540,"href":"https:\/\/dzosecina.rs\/index.php?rest_route=\/wp\/v2\/pages\/442\/revisions\/1540"}],"wp:featuredmedia":[{"embeddable":true,"href":"https:\/\/dzosecina.rs\/index.php?rest_route=\/wp\/v2\/media\/450"}],"wp:attachment":[{"href":"https:\/\/dzosecina.rs\/index.php?rest_route=%2Fwp%2Fv2%2Fmedia&parent=442"}],"curies":[{"name":"wp","href":"https:\/\/api.w.org\/{rel}","templated":true}]}}