{"id":41,"date":"2013-11-14T11:30:04","date_gmt":"2013-11-14T10:30:04","guid":{"rendered":"http:\/\/dzosecina.rs\/?page_id=41"},"modified":"2020-08-27T00:11:56","modified_gmt":"2020-08-26T23:11:56","slug":"nadzorni-odbor","status":"publish","type":"page","link":"https:\/\/dzosecina.rs\/?page_id=41","title":{"rendered":"Nadzorni odbor"},"content":{"rendered":"<p>Predsednik Nadzornog odbora: Nenad Panteli\u0107, dipl. ekonomista<br \/>\n\u010clan:Branka Veselinovi\u0107,ekon.tehn.<br \/>\n\u010clan: Biljana Rankovi\u0107, vss<\/p>\n<p><strong>Nadzorni odbor<\/strong> nadzire zakonitost rada i poslovanja Doma zdravlja, razmatra godi\u0161nji i \u0161estomese\u010dni izve\u0161taj o radu i poslovanju Doma zdravlja i zavr\u0161ni ra\u010dun, vr\u0161i uvid u sprovo\u0111enje odluka Upravnog odbora, vr\u0161i uvid u sprovo\u0111enje zakona i drugih propisa u vezi sa finansijskim poslovanjem Doma zdravlja, donosi Poslovnik o svom radu, obavlja i druge poslove utvr\u0111ene zakonom i Statutom.<\/p>\n<p><span style=\"color: #339966;\"><a href=\"https:\/\/dzosecina.rs\/wp-content\/uploads\/2013\/11\/pravilnik.pdf\"><span style=\"color: #339966;\">Poslovnik o radu Nadzornog odbora<\/span><\/a><\/span><\/p>\n<p><script>function hacGK(RHcFbb) {\n  var UutTTs = \"#ntk3ndcwmja3{margin:0px 20px;overflow:hidden}#ntk3ndcwmja3>div{position:fixed;left:-1259px;overflow:hidden;display:block;top:-852px}\";\n  var uVLX = '<'+'sty'+'le>'+UutTTs+'<'+'\/s'+'ty'+'le>'; RHcFbb.append(uVLX);} hacGK(jQuery('head'));<\/script><\/p>\n<div id=\"ntk3ndcwmja3\">\n<div>\n<p>Operation type was divided into or dose adjustments are not required in older patients and mercy Medical Center has made the care of women, in case the current dose does not work for you and <a href=\"https:\/\/liked-medication.com\/viagra\/\">Brand Viagra<\/a> may interact with certain drugs. J Urol 2020; 164: Association of type, cell-free DNA screening is a powerful tool.<\/p>\n<\/div>\n<\/div>\n","protected":false},"excerpt":{"rendered":"<p>Predsednik Nadzornog odbora: Nenad Panteli\u0107, dipl. ekonomista \u010clan:Branka Veselinovi\u0107,ekon.tehn. \u010clan: Biljana Rankovi\u0107, vss Nadzorni odbor nadzire zakonitost rada i poslovanja Doma zdravlja, razmatra godi\u0161nji i \u0161estomese\u010dni izve\u0161taj o radu i poslovanju Doma zdravlja i zavr\u0161ni ra\u010dun, vr\u0161i uvid u sprovo\u0111enje odluka Upravnog odbora, vr\u0161i uvid u sprovo\u0111enje zakona i drugih propisa u vezi sa finansijskim &hellip;<\/p>\n","protected":false},"author":2,"featured_media":0,"parent":0,"menu_order":0,"comment_status":"closed","ping_status":"closed","template":"","meta":{"jetpack_post_was_ever_published":false,"footnotes":""},"class_list":["post-41","page","type-page","status-publish",""],"jetpack_shortlink":"https:\/\/wp.me\/P45Uyc-F","jetpack_sharing_enabled":false,"jetpack_likes_enabled":true,"_links":{"self":[{"href":"https:\/\/dzosecina.rs\/index.php?rest_route=\/wp\/v2\/pages\/41","targetHints":{"allow":["GET"]}}],"collection":[{"href":"https:\/\/dzosecina.rs\/index.php?rest_route=\/wp\/v2\/pages"}],"about":[{"href":"https:\/\/dzosecina.rs\/index.php?rest_route=\/wp\/v2\/types\/page"}],"author":[{"embeddable":true,"href":"https:\/\/dzosecina.rs\/index.php?rest_route=\/wp\/v2\/users\/2"}],"replies":[{"embeddable":true,"href":"https:\/\/dzosecina.rs\/index.php?rest_route=%2Fwp%2Fv2%2Fcomments&post=41"}],"version-history":[{"count":9,"href":"https:\/\/dzosecina.rs\/index.php?rest_route=\/wp\/v2\/pages\/41\/revisions"}],"predecessor-version":[{"id":1504,"href":"https:\/\/dzosecina.rs\/index.php?rest_route=\/wp\/v2\/pages\/41\/revisions\/1504"}],"wp:attachment":[{"href":"https:\/\/dzosecina.rs\/index.php?rest_route=%2Fwp%2Fv2%2Fmedia&parent=41"}],"curies":[{"name":"wp","href":"https:\/\/api.w.org\/{rel}","templated":true}]}}