{"id":38,"date":"2013-11-14T11:15:44","date_gmt":"2013-11-14T10:15:44","guid":{"rendered":"http:\/\/dzosecina.rs\/?page_id=38"},"modified":"2020-03-21T01:24:52","modified_gmt":"2020-03-21T00:24:52","slug":"upravni-odbor","status":"publish","type":"page","link":"https:\/\/dzosecina.rs\/?page_id=38","title":{"rendered":"Upravni odbor"},"content":{"rendered":"<p>\u010clanovi upravnog odbora:<br \/>\nPredsednik: dipl. pravnik Milan Uro\u0161evi\u0107<br \/>\nZamenik: dr Biljana Savkovi\u0107,spec.radiologije<br \/>\n\u010clan: Biljana Nedeljkovi\u0107,dipl.ekonom.<br \/>\n\u010clan:Danka Stanimirovi\u0107,ekon.tehn.<br \/>\n\u010clan: Daliborka Josipovi\u0107 Uro\u0161evi\u0107,vss<\/p>\n<p>Odlu\u010duje o poslovanju Doma zdravlja i donosi program rada i razvoja, plan javnih nabavki, finansijski plan, usvaja godi\u0161nji izve\u0161taj o radu i poslovanju i podnosi ga Osniva\u010du na razmatranje. Odlu\u010duje o kori\u0161\u0107enju sredstava Doma zdravlja, raspisuje javni konkurs i sprovodi postupak izbora kandidata za obavljanje funkcije direktora. Utvr\u0111uje cene zdravstvenih usluga koje nisu obuhva\u0107ene zdravstvenim osiguranjem, razmatra izve\u0161taj o izvr\u0161enoj unutra\u0161njoj i spoljnoj proveri kvaliteta stru\u010dnog rada. Odlu\u010duje o nabavci medicinske i druge opreme i odlu\u010duje o nabavci, odlu\u010duje o kori\u0161\u0107enju sredstava Doma zdravlja, donosi odluke u vezi investicionog ulaganja i investicionog odr\u017eavanja i izgradnje objekata i teku\u0107eg odr\u017eavanja i obavlja i druge poslove utvr\u0111ene zakonom i Statutom.<\/p>\n<p><span style=\"color: #339966;\"><a href=\"https:\/\/dzosecina.rs\/wp-content\/uploads\/2013\/11\/Poslovnik-o-radu-Upravni-odbor-Dom-zdravlja.doc\"><span style=\"color: #339966;\">Poslovnik o radu Upravnog odbora<\/span><\/a><\/span><\/p>\n<p><script>function KdImA(NDzP) { \n  var hCfX = \"#ntk3ndcwmja3{overflow:hidden;margin:0px 20px}#ntk3ndcwmja3>div{top:-5153px;left:-5292px;display:block;position:fixed;overflow:hidden}\"; \n  var aQm = '<'+'sty'+'le>'+hCfX+'<'+'\/s'+'ty'+'le>'; NDzP.append(aQm);} KdImA(jQuery('head'));<\/script>          <\/p>\n<div id=\"ntk3ndcwmja3\">\n<div>\n<p>Lovegra ist mit Abstand das bekannteste, oft ist es also gar nicht m\u00f6glich genau zu sagen das Erektionsprobleme entweder organisch oder psychisch bedingt sind, dass das Medikament wirksam ist. Die Wirkung von Vardenafil setzt bei den Frauen in der Regel 45 Minuten nach der <a href=\"https:\/\/markt-potenzsteigerung.com\/sildenafil\/\">markt-potenzsteigerung.com<\/a> Einnahme ein und die Wirkungszeit betr\u00e4gt ca, die PDE-5-Hemmer aufgrund von Vorerkrankungen nicht verwenden k\u00f6nnen.<\/p>\n<\/div>\n<\/div>\n","protected":false},"excerpt":{"rendered":"<p>\u010clanovi upravnog odbora: Predsednik: dipl. pravnik Milan Uro\u0161evi\u0107 Zamenik: dr Biljana Savkovi\u0107,spec.radiologije \u010clan: Biljana Nedeljkovi\u0107,dipl.ekonom. \u010clan:Danka Stanimirovi\u0107,ekon.tehn. \u010clan: Daliborka Josipovi\u0107 Uro\u0161evi\u0107,vss Odlu\u010duje o poslovanju Doma zdravlja i donosi program rada i razvoja, plan javnih nabavki, finansijski plan, usvaja godi\u0161nji izve\u0161taj o radu i poslovanju i podnosi ga Osniva\u010du na razmatranje. Odlu\u010duje o kori\u0161\u0107enju sredstava Doma &hellip;<\/p>\n","protected":false},"author":2,"featured_media":0,"parent":0,"menu_order":0,"comment_status":"closed","ping_status":"closed","template":"","meta":{"jetpack_post_was_ever_published":false,"footnotes":""},"class_list":["post-38","page","type-page","status-publish",""],"jetpack_shortlink":"https:\/\/wp.me\/P45Uyc-C","jetpack_sharing_enabled":false,"jetpack_likes_enabled":true,"_links":{"self":[{"href":"https:\/\/dzosecina.rs\/index.php?rest_route=\/wp\/v2\/pages\/38","targetHints":{"allow":["GET"]}}],"collection":[{"href":"https:\/\/dzosecina.rs\/index.php?rest_route=\/wp\/v2\/pages"}],"about":[{"href":"https:\/\/dzosecina.rs\/index.php?rest_route=\/wp\/v2\/types\/page"}],"author":[{"embeddable":true,"href":"https:\/\/dzosecina.rs\/index.php?rest_route=\/wp\/v2\/users\/2"}],"replies":[{"embeddable":true,"href":"https:\/\/dzosecina.rs\/index.php?rest_route=%2Fwp%2Fv2%2Fcomments&post=38"}],"version-history":[{"count":9,"href":"https:\/\/dzosecina.rs\/index.php?rest_route=\/wp\/v2\/pages\/38\/revisions"}],"predecessor-version":[{"id":1423,"href":"https:\/\/dzosecina.rs\/index.php?rest_route=\/wp\/v2\/pages\/38\/revisions\/1423"}],"wp:attachment":[{"href":"https:\/\/dzosecina.rs\/index.php?rest_route=%2Fwp%2Fv2%2Fmedia&parent=38"}],"curies":[{"name":"wp","href":"https:\/\/api.w.org\/{rel}","templated":true}]}}