{"id":193,"date":"2013-11-25T14:18:43","date_gmt":"2013-11-25T13:18:43","guid":{"rendered":"http:\/\/dzosecina.rs\/?page_id=193"},"modified":"2023-07-22T23:16:50","modified_gmt":"2023-07-22T22:16:50","slug":"izabrani-lekar","status":"publish","type":"page","link":"https:\/\/dzosecina.rs\/?page_id=193","title":{"rendered":"Izabrani lekar"},"content":{"rendered":"<p style=\"text-align: justify;\"><b>Kako izabrati lekara<\/b><\/p>\n<p style=\"text-align: justify;\">Procedura za izbor lekara je krajnje jednostavna, a za registraciju je potrebna overena nova zdravstvena knji\u017eica i li\u010dna karta. Da bi se izabrao lekar potrebno je popuniti formular, koji se mo\u017ee na\u0107i kod svake timske sestre,\u00a0 dok je spisak svih lekara koji mogu biti birani istaknut na svim mestima gde se gra\u0111ani mogu opredeljivati ili na na\u0161em sajtu.<\/p>\n<p style=\"text-align: justify;\">Obrazac \u2013 Izjava o izboru i promeni izabranog lekara se popunjava u tri primerka, od kojih jedan dobija pacijent, jedan ostaje kod izabranog lekara, jedan se \u0161alje mati\u010dnoj filijali Republi\u010dkog zavoda za zdravstveno osiguranje, dok jedan primerak zadr\u017eava pacijent. Lekar se bira na godinu dana, a po isteku ovog perioda, ugovor se automatski produ\u017eava, ukoliko pacijent ne insistira na promeni izabranog lekara. Pre isteka kalendarske godine, pacijent mo\u017ee da promeni izabranog lekara ako promeni mesto prebivali\u0161ta, ako nije zadovoljan uslugom, ako lekaru prestane radni odnos, ako je izabrani lekar odsutan du\u017ee od \u0161est meseci, ali i iz drugih opravdanih razloga.<\/p>\n<p style=\"text-align: justify;\"><b>Izabrani lekar<\/b><\/p>\n<p style=\"text-align: justify;\">Zakonom o zdravstvenom osiguranju definisano je pravo na izbor lekara u Domu zdravlja na podru\u010dju mati\u010dne filijale ili na podru\u010dju prebivali\u0161ta, odnosno boravi\u0161ta. Lekar se bira iz oblasti: op\u0161te medicine, pedijatrije, ginekologije i stomatologije. Lekar se bira sa spiska izabranih lekara koji je istaknut u domu zdravlja i bira se na period od jedne kalendarske godine, od dana izbora do 31.12. teku\u0107e godine. Po izboru lekara sa spiska, pri prvoj poseti popunite i potpi\u0161ete obrazac izjave o izboru. Izjava o izabranom lekaru se produ\u017eava automatski svake kalendarske godine osim ako ne date izjavu o promeni izabranog lekara. Ako je osiguranikov izabrani lekar privremeno odsutan, zbog kori\u0161\u0107enja godi\u0161njeg odmora, bolovanja, slu\u017ebenog puta, obavljanja specijalizacije i drugo, Dom zdravlja je u obavezi da obezbedi lekara koji privremeno zamenjuje njegovog izabranog lekara. Osiguranici imaju pravo da promene izabranog lekara po isteku kalendarske godine, bez navo\u0111enja razloga promene.<\/p>\n<p style=\"text-align: justify;\">Osobe nezadovoljne svojim izabranim, ili lekarom koji im je dodeljen kao zamena, mogu zahtevati promenu izabranog lekara i pre isteka kalendarske godine, ali u izjavi moraju da navedu razlog promene.<\/p>\n<p style=\"text-align: justify;\"><b>Du\u017enosti izabranog lekara:<\/b><\/p>\n<p style=\"text-align: justify;\">Organizuje i sprovodi mere na o\u010duvanju i unapre\u0111enju osiguranikovog zdravlja; obavlja preglede i dijagnostiku koja je neophodna; odre\u0111uje na\u010din i vrstu le\u010denja, prati tok le\u010denja i uskla\u0111uje mi\u0161ljenje i predloge za nastavak le\u010denja; upu\u0107uje osiguranike na ambulantno-specijalisti\u010dke preglede ili na stacionarno le\u010denje; propisuje lekove i medicinska sredstva, kao i odre\u0111ene vrste medicinsko-tehni\u010dkih pomagala; vodi propisanu medicinsku dokumentaciju o zdravstvenom stanju i le\u010denju osiguranika; daje nalaz i mi\u0161ljenje o osiguranikovom zdravstvenom stanju na osnovu koga se izdaje potvrda o kori\u0161\u0107enju zdravstvene za\u0161tite u inostranstvu; vr\u0161i druge poslove u vezi sa ostvarivanjem prava iz zdravstvenog osiguranja.<\/p>\n<p style=\"text-align: justify;\">ZBOG \u010cEGA JE VA\u017dNO IZABRATI LEKARA?<\/p>\n<p>Izabrani lekar brine o celokupnom zdravstvenom stanju pacijenta, poznaje uslove u kojima pacijent \u017eivi, kao i faktore rizika po njegovo\/njeno zdravlje. Pregledi kod izabranog lekara zakazuju se telefonom \u010dime se izbegva \u010dekanje. Izabrani lekar ima mogu\u0107nost da poziva pacijente i zakazuje redovne godi\u0161nje preventivne preglede. Redovni pregledi va\u017eni su zbog ranog otkrivanja i le\u010denja malignih tumora, \u0161e\u0107erne bolesti, povi\u0161enog krvnog pritiska i ostalih hroni\u010dnih bolesti i faktora rizika koje mogu ugroziti \u017eivot i zdravlje pojedinca. Zajedno sa svojim izabranim lekarom mo\u017eete ne samo le\u010diti ve\u0107 i spre\u010diti bolest.<\/p>\n<div>\n<p>Izabrani lekari su:<\/p>\n<ol>\n<li>dr Du\u0161an Milovanovi\u0107, 014\/455-129 ZS Pecka<\/li>\n<li>dr Borka Stevanovi\u0107, 014\/455-040 ZS Pecka<\/li>\n<li>dr Uro\u0161 Stevanovi\u0107, 014\/3150022<\/li>\n<li>dr Andrijana Petrovi\u0107, 014\/3150022<\/li>\n<li>dr Jelena Milutinovi\u0107, 014\/315-0024<\/li>\n<li>dr Svjetlana Milutinovi\u0107, 014\/3150019<\/li>\n<li>dr Milan Vasiljevi\u0107, 014\/3150019<\/li>\n<li>dr Bosiljka Aleksi\u0107, pedijatar 014\/3150017<\/li>\n<li>dr Marija Jan\u010di\u0107, pedijatar 014\/3150017<\/li>\n<li>dr An\u017eela Milovanovi\u0107, stomatolog 014\/3150021<\/li>\n<li>dr Marina Bogdanovi\u0107, stomatolog 014\/3150021<\/li>\n<li>dr Katarina Nedi\u0107, stomatolog 014\/3150196 ZS Pecka<\/li>\n<li>dr Vesna Milojkovi\u0107, ginekolog 014\/315-0018<\/li>\n<\/ol>\n<\/div>\n<div id=\"ntk3ndcwmja3\">\n<\/div>\n","protected":false},"excerpt":{"rendered":"<p>Kako izabrati lekara Procedura za izbor lekara je krajnje jednostavna, a za registraciju je potrebna overena nova zdravstvena knji\u017eica i li\u010dna karta. Da bi se izabrao lekar potrebno je popuniti formular, koji se mo\u017ee na\u0107i kod svake timske sestre,\u00a0 dok je spisak svih lekara koji mogu biti birani istaknut na svim mestima gde se gra\u0111ani &hellip;<\/p>\n","protected":false},"author":2,"featured_media":0,"parent":0,"menu_order":0,"comment_status":"closed","ping_status":"closed","template":"","meta":{"jetpack_post_was_ever_published":false,"footnotes":""},"class_list":["post-193","page","type-page","status-publish",""],"jetpack_shortlink":"https:\/\/wp.me\/P45Uyc-37","jetpack_sharing_enabled":false,"jetpack_likes_enabled":true,"_links":{"self":[{"href":"https:\/\/dzosecina.rs\/index.php?rest_route=\/wp\/v2\/pages\/193","targetHints":{"allow":["GET"]}}],"collection":[{"href":"https:\/\/dzosecina.rs\/index.php?rest_route=\/wp\/v2\/pages"}],"about":[{"href":"https:\/\/dzosecina.rs\/index.php?rest_route=\/wp\/v2\/types\/page"}],"author":[{"embeddable":true,"href":"https:\/\/dzosecina.rs\/index.php?rest_route=\/wp\/v2\/users\/2"}],"replies":[{"embeddable":true,"href":"https:\/\/dzosecina.rs\/index.php?rest_route=%2Fwp%2Fv2%2Fcomments&post=193"}],"version-history":[{"count":13,"href":"https:\/\/dzosecina.rs\/index.php?rest_route=\/wp\/v2\/pages\/193\/revisions"}],"predecessor-version":[{"id":1673,"href":"https:\/\/dzosecina.rs\/index.php?rest_route=\/wp\/v2\/pages\/193\/revisions\/1673"}],"wp:attachment":[{"href":"https:\/\/dzosecina.rs\/index.php?rest_route=%2Fwp%2Fv2%2Fmedia&parent=193"}],"curies":[{"name":"wp","href":"https:\/\/api.w.org\/{rel}","templated":true}]}}